{"id":1358,"date":"2017-07-03T11:41:57","date_gmt":"2017-07-03T11:41:57","guid":{"rendered":"https:\/\/aresweden.com\/boende\/"},"modified":"2025-06-04T14:53:49","modified_gmt":"2025-06-04T13:53:49","slug":"stay-in-are","status":"publish","type":"page","link":"https:\/\/aresweden.com\/en\/stay-in-are\/","title":{"rendered":"Stay in \u00c5re"},"content":{"rendered":"","protected":false},"excerpt":{"rendered":"","protected":false},"author":3,"featured_media":38331,"parent":0,"menu_order":0,"comment_status":"closed","ping_status":"closed","template":"","meta":{"_acf_changed":false,"_relevanssi_hide_post":"","_relevanssi_hide_content":"","_relevanssi_pin_for_all":"","_relevanssi_pin_keywords":"","_relevanssi_unpin_keywords":"","_relevanssi_related_keywords":"","_relevanssi_related_include_ids":"","_relevanssi_related_exclude_ids":"","_relevanssi_related_no_append":"","_relevanssi_related_not_related":"","_relevanssi_related_posts":"","_relevanssi_noindex_reason":"","footnotes":""},"class_list":["post-1358","page","type-page","status-publish","has-post-thumbnail","hentry"],"acf":[],"yoast_head":"<!-- This site is optimized with the Yoast SEO plugin v26.8 - https:\/\/yoast.com\/product\/yoast-seo-wordpress\/ -->\n<title>Stay in \u00c5re<\/title>\n<meta name=\"description\" content=\"Stay in \u00c5re: \u00c5re has accommodated guests from all over the world for centuries &amp; there&#039;s plenty to chose from. Why not try an igloo?\" \/>\n<meta name=\"robots\" content=\"index, follow, max-snippet:-1, max-image-preview:large, max-video-preview:-1\" \/>\n<link rel=\"canonical\" href=\"https:\/\/aresweden.com\/en\/stay-in-are\/\" \/>\n<meta property=\"og:locale\" content=\"en_US\" \/>\n<meta property=\"og:type\" content=\"article\" \/>\n<meta property=\"og:title\" content=\"Stay in \u00c5re\" \/>\n<meta property=\"og:description\" content=\"Stay in \u00c5re: \u00c5re has accommodated guests from all over the world for centuries &amp; there&#039;s plenty to chose from. Why not try an igloo?\" \/>\n<meta property=\"og:url\" content=\"https:\/\/aresweden.com\/en\/stay-in-are\/\" \/>\n<meta property=\"og:site_name\" content=\"\u00c5re Sweden\" \/>\n<meta property=\"article:publisher\" content=\"https:\/\/www.facebook.com\/aresweden\/\" \/>\n<meta property=\"article:modified_time\" content=\"2025-06-04T13:53:49+00:00\" \/>\n<meta property=\"og:image\" content=\"https:\/\/aresweden.com\/app\/uploads\/2025\/03\/Omslag-Stay-Gosta-Fries-Copperhill-1920x720-1.jpg\" \/>\n\t<meta property=\"og:image:width\" content=\"1920\" \/>\n\t<meta property=\"og:image:height\" content=\"720\" \/>\n\t<meta property=\"og:image:type\" content=\"image\/jpeg\" \/>\n<meta name=\"twitter:card\" content=\"summary_large_image\" \/>\n<meta name=\"twitter:label1\" content=\"Est. reading time\" \/>\n\t<meta name=\"twitter:data1\" content=\"3 minutes\" \/>\n<script type=\"application\/ld+json\" class=\"yoast-schema-graph\">{\"@context\":\"https:\/\/schema.org\",\"@graph\":[{\"@type\":\"WebPage\",\"@id\":\"https:\/\/aresweden.com\/en\/stay-in-are\/\",\"url\":\"https:\/\/aresweden.com\/en\/stay-in-are\/\",\"name\":\"Stay in \u00c5re\",\"isPartOf\":{\"@id\":\"https:\/\/aresweden-bedrock.test\/#website\"},\"primaryImageOfPage\":{\"@id\":\"https:\/\/aresweden.com\/en\/stay-in-are\/#primaryimage\"},\"image\":{\"@id\":\"https:\/\/aresweden.com\/en\/stay-in-are\/#primaryimage\"},\"thumbnailUrl\":\"https:\/\/aresweden.com\/app\/uploads\/2025\/03\/Omslag-Stay-Gosta-Fries-Copperhill-1920x720-1.jpg\",\"datePublished\":\"2017-07-03T11:41:57+00:00\",\"dateModified\":\"2025-06-04T13:53:49+00:00\",\"description\":\"Stay in \u00c5re: \u00c5re has accommodated guests from all over the world for centuries & there's plenty to chose from. Why not try an igloo?\",\"breadcrumb\":{\"@id\":\"https:\/\/aresweden.com\/en\/stay-in-are\/#breadcrumb\"},\"inLanguage\":\"en-US\",\"potentialAction\":[{\"@type\":\"ReadAction\",\"target\":[\"https:\/\/aresweden.com\/en\/stay-in-are\/\"]}]},{\"@type\":\"ImageObject\",\"inLanguage\":\"en-US\",\"@id\":\"https:\/\/aresweden.com\/en\/stay-in-are\/#primaryimage\",\"url\":\"https:\/\/aresweden.com\/app\/uploads\/2025\/03\/Omslag-Stay-Gosta-Fries-Copperhill-1920x720-1.jpg\",\"contentUrl\":\"https:\/\/aresweden.com\/app\/uploads\/2025\/03\/Omslag-Stay-Gosta-Fries-Copperhill-1920x720-1.jpg\",\"width\":1920,\"height\":720},{\"@type\":\"BreadcrumbList\",\"@id\":\"https:\/\/aresweden.com\/en\/stay-in-are\/#breadcrumb\",\"itemListElement\":[{\"@type\":\"ListItem\",\"position\":1,\"name\":\"Home\",\"item\":\"https:\/\/aresweden.com\/en\/\"},{\"@type\":\"ListItem\",\"position\":2,\"name\":\"Stay in \u00c5re\"}]},{\"@type\":\"WebSite\",\"@id\":\"https:\/\/aresweden-bedrock.test\/#website\",\"url\":\"https:\/\/aresweden-bedrock.test\/\",\"name\":\"\u00c5re Sweden\",\"description\":\"Official site for \u00c5re Sweden\",\"potentialAction\":[{\"@type\":\"SearchAction\",\"target\":{\"@type\":\"EntryPoint\",\"urlTemplate\":\"https:\/\/aresweden-bedrock.test\/?s={search_term_string}\"},\"query-input\":{\"@type\":\"PropertyValueSpecification\",\"valueRequired\":true,\"valueName\":\"search_term_string\"}}],\"inLanguage\":\"en-US\"}]}<\/script>\n<!-- \/ Yoast SEO plugin. -->","yoast_head_json":{"title":"Stay in \u00c5re","description":"Stay in \u00c5re: \u00c5re has accommodated guests from all over the world for centuries & there's plenty to chose from. Why not try an igloo?","robots":{"index":"index","follow":"follow","max-snippet":"max-snippet:-1","max-image-preview":"max-image-preview:large","max-video-preview":"max-video-preview:-1"},"canonical":"https:\/\/aresweden.com\/en\/stay-in-are\/","og_locale":"en_US","og_type":"article","og_title":"Stay in \u00c5re","og_description":"Stay in \u00c5re: \u00c5re has accommodated guests from all over the world for centuries & there's plenty to chose from. Why not try an igloo?","og_url":"https:\/\/aresweden.com\/en\/stay-in-are\/","og_site_name":"\u00c5re Sweden","article_publisher":"https:\/\/www.facebook.com\/aresweden\/","article_modified_time":"2025-06-04T13:53:49+00:00","og_image":[{"width":1920,"height":720,"url":"https:\/\/aresweden.com\/app\/uploads\/2025\/03\/Omslag-Stay-Gosta-Fries-Copperhill-1920x720-1.jpg","type":"image\/jpeg"}],"twitter_card":"summary_large_image","twitter_misc":{"Est. reading time":"3 minutes"},"schema":{"@context":"https:\/\/schema.org","@graph":[{"@type":"WebPage","@id":"https:\/\/aresweden.com\/en\/stay-in-are\/","url":"https:\/\/aresweden.com\/en\/stay-in-are\/","name":"Stay in \u00c5re","isPartOf":{"@id":"https:\/\/aresweden-bedrock.test\/#website"},"primaryImageOfPage":{"@id":"https:\/\/aresweden.com\/en\/stay-in-are\/#primaryimage"},"image":{"@id":"https:\/\/aresweden.com\/en\/stay-in-are\/#primaryimage"},"thumbnailUrl":"https:\/\/aresweden.com\/app\/uploads\/2025\/03\/Omslag-Stay-Gosta-Fries-Copperhill-1920x720-1.jpg","datePublished":"2017-07-03T11:41:57+00:00","dateModified":"2025-06-04T13:53:49+00:00","description":"Stay in \u00c5re: \u00c5re has accommodated guests from all over the world for centuries & there's plenty to chose from. Why not try an igloo?","breadcrumb":{"@id":"https:\/\/aresweden.com\/en\/stay-in-are\/#breadcrumb"},"inLanguage":"en-US","potentialAction":[{"@type":"ReadAction","target":["https:\/\/aresweden.com\/en\/stay-in-are\/"]}]},{"@type":"ImageObject","inLanguage":"en-US","@id":"https:\/\/aresweden.com\/en\/stay-in-are\/#primaryimage","url":"https:\/\/aresweden.com\/app\/uploads\/2025\/03\/Omslag-Stay-Gosta-Fries-Copperhill-1920x720-1.jpg","contentUrl":"https:\/\/aresweden.com\/app\/uploads\/2025\/03\/Omslag-Stay-Gosta-Fries-Copperhill-1920x720-1.jpg","width":1920,"height":720},{"@type":"BreadcrumbList","@id":"https:\/\/aresweden.com\/en\/stay-in-are\/#breadcrumb","itemListElement":[{"@type":"ListItem","position":1,"name":"Home","item":"https:\/\/aresweden.com\/en\/"},{"@type":"ListItem","position":2,"name":"Stay in \u00c5re"}]},{"@type":"WebSite","@id":"https:\/\/aresweden-bedrock.test\/#website","url":"https:\/\/aresweden-bedrock.test\/","name":"\u00c5re Sweden","description":"Official site for \u00c5re Sweden","potentialAction":[{"@type":"SearchAction","target":{"@type":"EntryPoint","urlTemplate":"https:\/\/aresweden-bedrock.test\/?s={search_term_string}"},"query-input":{"@type":"PropertyValueSpecification","valueRequired":true,"valueName":"search_term_string"}}],"inLanguage":"en-US"}]}},"_links":{"self":[{"href":"https:\/\/aresweden.com\/en\/wp-json\/wp\/v2\/pages\/1358","targetHints":{"allow":["GET"]}}],"collection":[{"href":"https:\/\/aresweden.com\/en\/wp-json\/wp\/v2\/pages"}],"about":[{"href":"https:\/\/aresweden.com\/en\/wp-json\/wp\/v2\/types\/page"}],"author":[{"embeddable":true,"href":"https:\/\/aresweden.com\/en\/wp-json\/wp\/v2\/users\/3"}],"replies":[{"embeddable":true,"href":"https:\/\/aresweden.com\/en\/wp-json\/wp\/v2\/comments?post=1358"}],"version-history":[{"count":13,"href":"https:\/\/aresweden.com\/en\/wp-json\/wp\/v2\/pages\/1358\/revisions"}],"predecessor-version":[{"id":40961,"href":"https:\/\/aresweden.com\/en\/wp-json\/wp\/v2\/pages\/1358\/revisions\/40961"}],"wp:featuredmedia":[{"embeddable":true,"href":"https:\/\/aresweden.com\/en\/wp-json\/wp\/v2\/media\/38331"}],"wp:attachment":[{"href":"https:\/\/aresweden.com\/en\/wp-json\/wp\/v2\/media?parent=1358"}],"curies":[{"name":"wp","href":"https:\/\/api.w.org\/{rel}","templated":true}]}}