{"id":1372,"date":"2017-10-10T08:39:36","date_gmt":"2017-10-10T08:39:36","guid":{"rendered":"https:\/\/aresweden.com\/?page_id=1372\/"},"modified":"2023-01-25T12:07:55","modified_gmt":"2023-01-25T11:07:55","slug":"alpine-skiing-are","status":"publish","type":"page","link":"https:\/\/aresweden.com\/en\/see-do-activities-in-are\/alpine-skiing-are\/","title":{"rendered":"Alpine Skiing"},"content":{"rendered":"","protected":false},"excerpt":{"rendered":"","protected":false},"author":3,"featured_media":4325,"parent":1361,"menu_order":0,"comment_status":"closed","ping_status":"closed","template":"","meta":{"_acf_changed":false,"_relevanssi_hide_post":"","_relevanssi_hide_content":"","_relevanssi_pin_for_all":"","_relevanssi_pin_keywords":"","_relevanssi_unpin_keywords":"","_relevanssi_related_keywords":"","_relevanssi_related_include_ids":"","_relevanssi_related_exclude_ids":"","_relevanssi_related_no_append":"","_relevanssi_related_not_related":"","_relevanssi_related_posts":"","_relevanssi_noindex_reason":"","footnotes":""},"class_list":["post-1372","page","type-page","status-publish","has-post-thumbnail","hentry"],"acf":[],"yoast_head":"<!-- This site is optimized with the Yoast SEO plugin v27.3 - https:\/\/yoast.com\/product\/yoast-seo-wordpress\/ -->\n<title>Alpine Skiing in \u00c5re Sweden \u2013 Northern Europe&#039;s largest ski resort<\/title>\n<meta name=\"description\" content=\"From green children&#039;s slopes to world champion black slopes. You are guaranteed to find world class alpine skiing in \u00c5re. Both on and off piste.\" \/>\n<meta name=\"robots\" content=\"index, follow, max-snippet:-1, max-image-preview:large, max-video-preview:-1\" \/>\n<link rel=\"canonical\" href=\"https:\/\/aresweden.com\/en\/see-do-activities-in-are\/alpine-skiing-are\/\" \/>\n<meta property=\"og:locale\" content=\"en_US\" \/>\n<meta property=\"og:type\" content=\"article\" \/>\n<meta property=\"og:title\" content=\"Alpine Skiing in \u00c5re Sweden \u2013 Northern Europe&#039;s largest ski resort\" \/>\n<meta property=\"og:description\" content=\"From green children&#039;s slopes to world champion black slopes. You are guaranteed to find world class alpine skiing in \u00c5re. Both on and off piste.\" \/>\n<meta property=\"og:url\" content=\"https:\/\/aresweden.com\/en\/see-do-activities-in-are\/alpine-skiing-are\/\" \/>\n<meta property=\"og:site_name\" content=\"\u00c5re Sweden\" \/>\n<meta property=\"article:publisher\" content=\"https:\/\/www.facebook.com\/aresweden\/\" \/>\n<meta property=\"article:modified_time\" content=\"2023-01-25T11:07:55+00:00\" \/>\n<meta property=\"og:image\" content=\"https:\/\/aresweden.com\/app\/uploads\/2019\/01\/skidor-pa-areskutan-AA.jpg\" \/>\n\t<meta property=\"og:image:width\" content=\"1920\" \/>\n\t<meta property=\"og:image:height\" content=\"1080\" \/>\n\t<meta property=\"og:image:type\" content=\"image\/jpeg\" \/>\n<meta name=\"twitter:card\" content=\"summary_large_image\" \/>\n<script type=\"application\/ld+json\" class=\"yoast-schema-graph\">{\"@context\":\"https:\\\/\\\/schema.org\",\"@graph\":[{\"@type\":\"WebPage\",\"@id\":\"https:\\\/\\\/aresweden.com\\\/en\\\/see-do-activities-in-are\\\/alpine-skiing-are\\\/\",\"url\":\"https:\\\/\\\/aresweden.com\\\/en\\\/see-do-activities-in-are\\\/alpine-skiing-are\\\/\",\"name\":\"Alpine Skiing in \u00c5re Sweden \u2013 Northern Europe's largest ski resort\",\"isPartOf\":{\"@id\":\"https:\\\/\\\/aresweden-bedrock.test\\\/#website\"},\"primaryImageOfPage\":{\"@id\":\"https:\\\/\\\/aresweden.com\\\/en\\\/see-do-activities-in-are\\\/alpine-skiing-are\\\/#primaryimage\"},\"image\":{\"@id\":\"https:\\\/\\\/aresweden.com\\\/en\\\/see-do-activities-in-are\\\/alpine-skiing-are\\\/#primaryimage\"},\"thumbnailUrl\":\"https:\\\/\\\/aresweden.com\\\/app\\\/uploads\\\/2019\\\/01\\\/skidor-pa-areskutan-AA.jpg\",\"datePublished\":\"2017-10-10T08:39:36+00:00\",\"dateModified\":\"2023-01-25T11:07:55+00:00\",\"description\":\"From green children's slopes to world champion black slopes. You are guaranteed to find world class alpine skiing in \u00c5re. Both on and off piste.\",\"breadcrumb\":{\"@id\":\"https:\\\/\\\/aresweden.com\\\/en\\\/see-do-activities-in-are\\\/alpine-skiing-are\\\/#breadcrumb\"},\"inLanguage\":\"en-US\",\"potentialAction\":[{\"@type\":\"ReadAction\",\"target\":[\"https:\\\/\\\/aresweden.com\\\/en\\\/see-do-activities-in-are\\\/alpine-skiing-are\\\/\"]}]},{\"@type\":\"ImageObject\",\"inLanguage\":\"en-US\",\"@id\":\"https:\\\/\\\/aresweden.com\\\/en\\\/see-do-activities-in-are\\\/alpine-skiing-are\\\/#primaryimage\",\"url\":\"https:\\\/\\\/aresweden.com\\\/app\\\/uploads\\\/2019\\\/01\\\/skidor-pa-areskutan-AA.jpg\",\"contentUrl\":\"https:\\\/\\\/aresweden.com\\\/app\\\/uploads\\\/2019\\\/01\\\/skidor-pa-areskutan-AA.jpg\",\"width\":1920,\"height\":1080,\"caption\":\"Skid\u00e5kning p\u00e5 \u00c5reskutan\"},{\"@type\":\"BreadcrumbList\",\"@id\":\"https:\\\/\\\/aresweden.com\\\/en\\\/see-do-activities-in-are\\\/alpine-skiing-are\\\/#breadcrumb\",\"itemListElement\":[{\"@type\":\"ListItem\",\"position\":1,\"name\":\"Home\",\"item\":\"https:\\\/\\\/aresweden.com\\\/en\\\/\"},{\"@type\":\"ListItem\",\"position\":2,\"name\":\"See &#038; Do\",\"item\":\"https:\\\/\\\/aresweden.com\\\/en\\\/see-do-activities-in-are\\\/\"},{\"@type\":\"ListItem\",\"position\":3,\"name\":\"Alpine Skiing\"}]},{\"@type\":\"WebSite\",\"@id\":\"https:\\\/\\\/aresweden-bedrock.test\\\/#website\",\"url\":\"https:\\\/\\\/aresweden-bedrock.test\\\/\",\"name\":\"\u00c5re Sweden\",\"description\":\"Official site for \u00c5re Sweden\",\"potentialAction\":[{\"@type\":\"SearchAction\",\"target\":{\"@type\":\"EntryPoint\",\"urlTemplate\":\"https:\\\/\\\/aresweden-bedrock.test\\\/?s={search_term_string}\"},\"query-input\":{\"@type\":\"PropertyValueSpecification\",\"valueRequired\":true,\"valueName\":\"search_term_string\"}}],\"inLanguage\":\"en-US\"}]}<\/script>\n<!-- \/ Yoast SEO plugin. -->","yoast_head_json":{"title":"Alpine Skiing in \u00c5re Sweden \u2013 Northern Europe's largest ski resort","description":"From green children's slopes to world champion black slopes. You are guaranteed to find world class alpine skiing in \u00c5re. Both on and off piste.","robots":{"index":"index","follow":"follow","max-snippet":"max-snippet:-1","max-image-preview":"max-image-preview:large","max-video-preview":"max-video-preview:-1"},"canonical":"https:\/\/aresweden.com\/en\/see-do-activities-in-are\/alpine-skiing-are\/","og_locale":"en_US","og_type":"article","og_title":"Alpine Skiing in \u00c5re Sweden \u2013 Northern Europe's largest ski resort","og_description":"From green children's slopes to world champion black slopes. You are guaranteed to find world class alpine skiing in \u00c5re. Both on and off piste.","og_url":"https:\/\/aresweden.com\/en\/see-do-activities-in-are\/alpine-skiing-are\/","og_site_name":"\u00c5re Sweden","article_publisher":"https:\/\/www.facebook.com\/aresweden\/","article_modified_time":"2023-01-25T11:07:55+00:00","og_image":[{"width":1920,"height":1080,"url":"https:\/\/aresweden.com\/app\/uploads\/2019\/01\/skidor-pa-areskutan-AA.jpg","type":"image\/jpeg"}],"twitter_card":"summary_large_image","schema":{"@context":"https:\/\/schema.org","@graph":[{"@type":"WebPage","@id":"https:\/\/aresweden.com\/en\/see-do-activities-in-are\/alpine-skiing-are\/","url":"https:\/\/aresweden.com\/en\/see-do-activities-in-are\/alpine-skiing-are\/","name":"Alpine Skiing in \u00c5re Sweden \u2013 Northern Europe's largest ski resort","isPartOf":{"@id":"https:\/\/aresweden-bedrock.test\/#website"},"primaryImageOfPage":{"@id":"https:\/\/aresweden.com\/en\/see-do-activities-in-are\/alpine-skiing-are\/#primaryimage"},"image":{"@id":"https:\/\/aresweden.com\/en\/see-do-activities-in-are\/alpine-skiing-are\/#primaryimage"},"thumbnailUrl":"https:\/\/aresweden.com\/app\/uploads\/2019\/01\/skidor-pa-areskutan-AA.jpg","datePublished":"2017-10-10T08:39:36+00:00","dateModified":"2023-01-25T11:07:55+00:00","description":"From green children's slopes to world champion black slopes. You are guaranteed to find world class alpine skiing in \u00c5re. Both on and off piste.","breadcrumb":{"@id":"https:\/\/aresweden.com\/en\/see-do-activities-in-are\/alpine-skiing-are\/#breadcrumb"},"inLanguage":"en-US","potentialAction":[{"@type":"ReadAction","target":["https:\/\/aresweden.com\/en\/see-do-activities-in-are\/alpine-skiing-are\/"]}]},{"@type":"ImageObject","inLanguage":"en-US","@id":"https:\/\/aresweden.com\/en\/see-do-activities-in-are\/alpine-skiing-are\/#primaryimage","url":"https:\/\/aresweden.com\/app\/uploads\/2019\/01\/skidor-pa-areskutan-AA.jpg","contentUrl":"https:\/\/aresweden.com\/app\/uploads\/2019\/01\/skidor-pa-areskutan-AA.jpg","width":1920,"height":1080,"caption":"Skid\u00e5kning p\u00e5 \u00c5reskutan"},{"@type":"BreadcrumbList","@id":"https:\/\/aresweden.com\/en\/see-do-activities-in-are\/alpine-skiing-are\/#breadcrumb","itemListElement":[{"@type":"ListItem","position":1,"name":"Home","item":"https:\/\/aresweden.com\/en\/"},{"@type":"ListItem","position":2,"name":"See &#038; Do","item":"https:\/\/aresweden.com\/en\/see-do-activities-in-are\/"},{"@type":"ListItem","position":3,"name":"Alpine Skiing"}]},{"@type":"WebSite","@id":"https:\/\/aresweden-bedrock.test\/#website","url":"https:\/\/aresweden-bedrock.test\/","name":"\u00c5re Sweden","description":"Official site for \u00c5re Sweden","potentialAction":[{"@type":"SearchAction","target":{"@type":"EntryPoint","urlTemplate":"https:\/\/aresweden-bedrock.test\/?s={search_term_string}"},"query-input":{"@type":"PropertyValueSpecification","valueRequired":true,"valueName":"search_term_string"}}],"inLanguage":"en-US"}]}},"_links":{"self":[{"href":"https:\/\/aresweden.com\/en\/wp-json\/wp\/v2\/pages\/1372","targetHints":{"allow":["GET"]}}],"collection":[{"href":"https:\/\/aresweden.com\/en\/wp-json\/wp\/v2\/pages"}],"about":[{"href":"https:\/\/aresweden.com\/en\/wp-json\/wp\/v2\/types\/page"}],"author":[{"embeddable":true,"href":"https:\/\/aresweden.com\/en\/wp-json\/wp\/v2\/users\/3"}],"replies":[{"embeddable":true,"href":"https:\/\/aresweden.com\/en\/wp-json\/wp\/v2\/comments?post=1372"}],"version-history":[{"count":0,"href":"https:\/\/aresweden.com\/en\/wp-json\/wp\/v2\/pages\/1372\/revisions"}],"up":[{"embeddable":true,"href":"https:\/\/aresweden.com\/en\/wp-json\/wp\/v2\/pages\/1361"}],"wp:featuredmedia":[{"embeddable":true,"href":"https:\/\/aresweden.com\/en\/wp-json\/wp\/v2\/media\/4325"}],"wp:attachment":[{"href":"https:\/\/aresweden.com\/en\/wp-json\/wp\/v2\/media?parent=1372"}],"curies":[{"name":"wp","href":"https:\/\/api.w.org\/{rel}","templated":true}]}}