{"id":26246,"date":"2024-09-05T08:50:17","date_gmt":"2024-09-05T07:50:17","guid":{"rendered":"https:\/\/aresweden.com\/?page_id=26246"},"modified":"2026-04-01T10:06:51","modified_gmt":"2026-04-01T08:06:51","slug":"are-hostmarknad-autumn-market","status":"publish","type":"page","link":"https:\/\/aresweden.com\/en\/are-hostmarknad-autumn-market\/","title":{"rendered":"\u00c5re H\u00f6stmarknad Autumn Market"},"content":{"rendered":"","protected":false},"excerpt":{"rendered":"","protected":false},"author":14,"featured_media":38717,"parent":0,"menu_order":0,"comment_status":"closed","ping_status":"closed","template":"","meta":{"_acf_changed":false,"_relevanssi_hide_post":"","_relevanssi_hide_content":"","_relevanssi_pin_for_all":"","_relevanssi_pin_keywords":"","_relevanssi_unpin_keywords":"","_relevanssi_related_keywords":"","_relevanssi_related_include_ids":"","_relevanssi_related_exclude_ids":"","_relevanssi_related_no_append":"","_relevanssi_related_not_related":"","_relevanssi_related_posts":"","_relevanssi_noindex_reason":"","footnotes":""},"class_list":["post-26246","page","type-page","status-publish","has-post-thumbnail","hentry"],"acf":[],"yoast_head":"<!-- This site is optimized with the Yoast SEO plugin v26.8 - https:\/\/yoast.com\/product\/yoast-seo-wordpress\/ -->\n<title>\u00c5re H\u00f6stmarknad Autumn Market &#8211; \u00c5re Sweden<\/title>\n<meta name=\"description\" content=\"\u00c5re H\u00f6stmarknad is a colorful festival where hundreds of exhibitors, producers, visitors &amp; villagers make this autumn&#039;s best market.\" \/>\n<meta name=\"robots\" content=\"index, follow, max-snippet:-1, max-image-preview:large, max-video-preview:-1\" \/>\n<link rel=\"canonical\" href=\"https:\/\/aresweden.com\/en\/are-hostmarknad-autumn-market\/\" \/>\n<meta property=\"og:locale\" content=\"en_US\" \/>\n<meta property=\"og:type\" content=\"article\" \/>\n<meta property=\"og:title\" content=\"\u00c5re H\u00f6stmarknad Autumn Market &#8211; \u00c5re Sweden\" \/>\n<meta property=\"og:description\" content=\"\u00c5re H\u00f6stmarknad is a colorful festival where hundreds of exhibitors, producers, visitors &amp; villagers make this autumn&#039;s best market.\" \/>\n<meta property=\"og:url\" content=\"https:\/\/aresweden.com\/en\/are-hostmarknad-autumn-market\/\" \/>\n<meta property=\"og:site_name\" content=\"\u00c5re Sweden\" \/>\n<meta property=\"article:publisher\" content=\"https:\/\/www.facebook.com\/aresweden\/\" \/>\n<meta property=\"article:modified_time\" content=\"2026-04-01T08:06:51+00:00\" \/>\n<meta property=\"og:image\" content=\"https:\/\/aresweden.com\/app\/uploads\/2025\/04\/Omslag-Are-Hostmarknad_2024_SaraRonne_5M0A6132.jpg\" \/>\n\t<meta property=\"og:image:width\" content=\"2000\" \/>\n\t<meta property=\"og:image:height\" content=\"1126\" \/>\n\t<meta property=\"og:image:type\" content=\"image\/jpeg\" \/>\n<meta name=\"twitter:card\" content=\"summary_large_image\" \/>\n<meta name=\"twitter:label1\" content=\"Est. reading time\" \/>\n\t<meta name=\"twitter:data1\" content=\"3 minutes\" \/>\n<script type=\"application\/ld+json\" class=\"yoast-schema-graph\">{\"@context\":\"https:\/\/schema.org\",\"@graph\":[{\"@type\":\"WebPage\",\"@id\":\"https:\/\/aresweden.com\/en\/are-hostmarknad-autumn-market\/\",\"url\":\"https:\/\/aresweden.com\/en\/are-hostmarknad-autumn-market\/\",\"name\":\"\u00c5re H\u00f6stmarknad Autumn Market &#8211; \u00c5re Sweden\",\"isPartOf\":{\"@id\":\"https:\/\/aresweden-bedrock.test\/#website\"},\"primaryImageOfPage\":{\"@id\":\"https:\/\/aresweden.com\/en\/are-hostmarknad-autumn-market\/#primaryimage\"},\"image\":{\"@id\":\"https:\/\/aresweden.com\/en\/are-hostmarknad-autumn-market\/#primaryimage\"},\"thumbnailUrl\":\"https:\/\/aresweden.com\/app\/uploads\/2025\/04\/Omslag-Are-Hostmarknad_2024_SaraRonne_5M0A6132.jpg\",\"datePublished\":\"2024-09-05T07:50:17+00:00\",\"dateModified\":\"2026-04-01T08:06:51+00:00\",\"description\":\"\u00c5re H\u00f6stmarknad is a colorful festival where hundreds of exhibitors, producers, visitors & villagers make this autumn's best market.\",\"breadcrumb\":{\"@id\":\"https:\/\/aresweden.com\/en\/are-hostmarknad-autumn-market\/#breadcrumb\"},\"inLanguage\":\"en-US\",\"potentialAction\":[{\"@type\":\"ReadAction\",\"target\":[\"https:\/\/aresweden.com\/en\/are-hostmarknad-autumn-market\/\"]}]},{\"@type\":\"ImageObject\",\"inLanguage\":\"en-US\",\"@id\":\"https:\/\/aresweden.com\/en\/are-hostmarknad-autumn-market\/#primaryimage\",\"url\":\"https:\/\/aresweden.com\/app\/uploads\/2025\/04\/Omslag-Are-Hostmarknad_2024_SaraRonne_5M0A6132.jpg\",\"contentUrl\":\"https:\/\/aresweden.com\/app\/uploads\/2025\/04\/Omslag-Are-Hostmarknad_2024_SaraRonne_5M0A6132.jpg\",\"width\":2000,\"height\":1126},{\"@type\":\"BreadcrumbList\",\"@id\":\"https:\/\/aresweden.com\/en\/are-hostmarknad-autumn-market\/#breadcrumb\",\"itemListElement\":[{\"@type\":\"ListItem\",\"position\":1,\"name\":\"Home\",\"item\":\"https:\/\/aresweden.com\/en\/\"},{\"@type\":\"ListItem\",\"position\":2,\"name\":\"\u00c5re H\u00f6stmarknad Autumn Market\"}]},{\"@type\":\"WebSite\",\"@id\":\"https:\/\/aresweden-bedrock.test\/#website\",\"url\":\"https:\/\/aresweden-bedrock.test\/\",\"name\":\"\u00c5re Sweden\",\"description\":\"Official site for \u00c5re Sweden\",\"potentialAction\":[{\"@type\":\"SearchAction\",\"target\":{\"@type\":\"EntryPoint\",\"urlTemplate\":\"https:\/\/aresweden-bedrock.test\/?s={search_term_string}\"},\"query-input\":{\"@type\":\"PropertyValueSpecification\",\"valueRequired\":true,\"valueName\":\"search_term_string\"}}],\"inLanguage\":\"en-US\"}]}<\/script>\n<!-- \/ Yoast SEO plugin. -->","yoast_head_json":{"title":"\u00c5re H\u00f6stmarknad Autumn Market &#8211; \u00c5re Sweden","description":"\u00c5re H\u00f6stmarknad is a colorful festival where hundreds of exhibitors, producers, visitors & villagers make this autumn's best market.","robots":{"index":"index","follow":"follow","max-snippet":"max-snippet:-1","max-image-preview":"max-image-preview:large","max-video-preview":"max-video-preview:-1"},"canonical":"https:\/\/aresweden.com\/en\/are-hostmarknad-autumn-market\/","og_locale":"en_US","og_type":"article","og_title":"\u00c5re H\u00f6stmarknad Autumn Market &#8211; \u00c5re Sweden","og_description":"\u00c5re H\u00f6stmarknad is a colorful festival where hundreds of exhibitors, producers, visitors & villagers make this autumn's best market.","og_url":"https:\/\/aresweden.com\/en\/are-hostmarknad-autumn-market\/","og_site_name":"\u00c5re Sweden","article_publisher":"https:\/\/www.facebook.com\/aresweden\/","article_modified_time":"2026-04-01T08:06:51+00:00","og_image":[{"width":2000,"height":1126,"url":"https:\/\/aresweden.com\/app\/uploads\/2025\/04\/Omslag-Are-Hostmarknad_2024_SaraRonne_5M0A6132.jpg","type":"image\/jpeg"}],"twitter_card":"summary_large_image","twitter_misc":{"Est. reading time":"3 minutes"},"schema":{"@context":"https:\/\/schema.org","@graph":[{"@type":"WebPage","@id":"https:\/\/aresweden.com\/en\/are-hostmarknad-autumn-market\/","url":"https:\/\/aresweden.com\/en\/are-hostmarknad-autumn-market\/","name":"\u00c5re H\u00f6stmarknad Autumn Market &#8211; \u00c5re Sweden","isPartOf":{"@id":"https:\/\/aresweden-bedrock.test\/#website"},"primaryImageOfPage":{"@id":"https:\/\/aresweden.com\/en\/are-hostmarknad-autumn-market\/#primaryimage"},"image":{"@id":"https:\/\/aresweden.com\/en\/are-hostmarknad-autumn-market\/#primaryimage"},"thumbnailUrl":"https:\/\/aresweden.com\/app\/uploads\/2025\/04\/Omslag-Are-Hostmarknad_2024_SaraRonne_5M0A6132.jpg","datePublished":"2024-09-05T07:50:17+00:00","dateModified":"2026-04-01T08:06:51+00:00","description":"\u00c5re H\u00f6stmarknad is a colorful festival where hundreds of exhibitors, producers, visitors & villagers make this autumn's best market.","breadcrumb":{"@id":"https:\/\/aresweden.com\/en\/are-hostmarknad-autumn-market\/#breadcrumb"},"inLanguage":"en-US","potentialAction":[{"@type":"ReadAction","target":["https:\/\/aresweden.com\/en\/are-hostmarknad-autumn-market\/"]}]},{"@type":"ImageObject","inLanguage":"en-US","@id":"https:\/\/aresweden.com\/en\/are-hostmarknad-autumn-market\/#primaryimage","url":"https:\/\/aresweden.com\/app\/uploads\/2025\/04\/Omslag-Are-Hostmarknad_2024_SaraRonne_5M0A6132.jpg","contentUrl":"https:\/\/aresweden.com\/app\/uploads\/2025\/04\/Omslag-Are-Hostmarknad_2024_SaraRonne_5M0A6132.jpg","width":2000,"height":1126},{"@type":"BreadcrumbList","@id":"https:\/\/aresweden.com\/en\/are-hostmarknad-autumn-market\/#breadcrumb","itemListElement":[{"@type":"ListItem","position":1,"name":"Home","item":"https:\/\/aresweden.com\/en\/"},{"@type":"ListItem","position":2,"name":"\u00c5re H\u00f6stmarknad Autumn Market"}]},{"@type":"WebSite","@id":"https:\/\/aresweden-bedrock.test\/#website","url":"https:\/\/aresweden-bedrock.test\/","name":"\u00c5re Sweden","description":"Official site for \u00c5re Sweden","potentialAction":[{"@type":"SearchAction","target":{"@type":"EntryPoint","urlTemplate":"https:\/\/aresweden-bedrock.test\/?s={search_term_string}"},"query-input":{"@type":"PropertyValueSpecification","valueRequired":true,"valueName":"search_term_string"}}],"inLanguage":"en-US"}]}},"_links":{"self":[{"href":"https:\/\/aresweden.com\/en\/wp-json\/wp\/v2\/pages\/26246","targetHints":{"allow":["GET"]}}],"collection":[{"href":"https:\/\/aresweden.com\/en\/wp-json\/wp\/v2\/pages"}],"about":[{"href":"https:\/\/aresweden.com\/en\/wp-json\/wp\/v2\/types\/page"}],"author":[{"embeddable":true,"href":"https:\/\/aresweden.com\/en\/wp-json\/wp\/v2\/users\/14"}],"replies":[{"embeddable":true,"href":"https:\/\/aresweden.com\/en\/wp-json\/wp\/v2\/comments?post=26246"}],"version-history":[{"count":41,"href":"https:\/\/aresweden.com\/en\/wp-json\/wp\/v2\/pages\/26246\/revisions"}],"predecessor-version":[{"id":59021,"href":"https:\/\/aresweden.com\/en\/wp-json\/wp\/v2\/pages\/26246\/revisions\/59021"}],"wp:featuredmedia":[{"embeddable":true,"href":"https:\/\/aresweden.com\/en\/wp-json\/wp\/v2\/media\/38717"}],"wp:attachment":[{"href":"https:\/\/aresweden.com\/en\/wp-json\/wp\/v2\/media?parent=26246"}],"curies":[{"name":"wp","href":"https:\/\/api.w.org\/{rel}","templated":true}]}}